{"id":1018,"date":"2024-03-09T14:21:14","date_gmt":"2024-03-09T17:21:14","guid":{"rendered":"https:\/\/adrianateixeira.adv.br\/direito\/?page_id=1018"},"modified":"2026-03-03T19:05:07","modified_gmt":"2026-03-03T22:05:07","slug":"direitocivil","status":"publish","type":"page","link":"https:\/\/adrianateixeira.adv.br\/direito\/direitocivil\/","title":{"rendered":"Direito Civil"},"content":{"rendered":"\n<div class=\"wp-block-cover alignwide has-white-color has-text-color\" style=\"min-height:70vh;aspect-ratio:unset;\"><span aria-hidden=\"true\" class=\"wp-block-cover__background has-background-dim-80 has-background-dim\"><\/span><img loading=\"lazy\" decoding=\"async\" width=\"1880\" height=\"1253\" sizes=\"auto, (max-width: 799px) 200vw, (max-width: 1880px) 100vw, 1880px\" class=\"wp-block-cover__image-background wp-image-1022\" alt=\"\" src=\"https:\/\/adrianateixeira.adv.br\/direito\/wp-content\/uploads\/2024\/03\/pexels-photo-936722.jpeg\" data-object-fit=\"cover\" srcset=\"https:\/\/adrianateixeira.adv.br\/direito\/wp-content\/uploads\/2024\/03\/pexels-photo-936722.jpeg 1880w, https:\/\/adrianateixeira.adv.br\/direito\/wp-content\/uploads\/2024\/03\/pexels-photo-936722-300x200.jpeg 300w, https:\/\/adrianateixeira.adv.br\/direito\/wp-content\/uploads\/2024\/03\/pexels-photo-936722-1024x682.jpeg 1024w, https:\/\/adrianateixeira.adv.br\/direito\/wp-content\/uploads\/2024\/03\/pexels-photo-936722-768x512.jpeg 768w, https:\/\/adrianateixeira.adv.br\/direito\/wp-content\/uploads\/2024\/03\/pexels-photo-936722-1536x1024.jpeg 1536w\" \/><div class=\"wp-block-cover__inner-container has-global-padding is-layout-constrained wp-block-cover-is-layout-constrained\">\n<h1 class=\"wp-block-heading has-text-align-center has-base-2-color has-text-color has-link-color wp-elements-9ebc18af0d44b5debc57778eb8c2768c\">Entenda nossa atua\u00e7\u00e3o na \u00e1rea de Direito Civil<\/h1>\n\n\n\n<div class=\"wp-block-buttons is-content-justification-center is-layout-flex wp-container-core-buttons-is-layout-e7f25eb7 wp-block-buttons-is-layout-flex\" style=\"margin-top:32px\">\n<div class=\"wp-block-button has-custom-font-size has-large-font-size\"><a class=\"wp-block-button__link has-black-color has-text-color has-background wp-element-button\" href=\"https:\/\/wa.me\/\/5511958356814?text=Quero%20agendar%20uma%20consulta%20sobre%20direito%20civil.%20Meu%%20nome%20\u00e9%20______\" style=\"background-color:#f47905\" target=\"_blank\" rel=\"noreferrer noopener\">AGENDE O SEU ATENDIMENTO<\/a><\/div>\n<\/div>\n<\/div><\/div>\n\n\n\n<p class=\"has-text-align-center\">O Direito Civil \u00e9 um conjunto de regras que nos orienta sobre como devemos nos comportar em diversas situa\u00e7\u00f5es da vida cotidiana.<\/p>\n\n\n\n<p class=\"has-text-align-center\">Ele nos ajuda a entender nossos direitos e deveres em diferentes aspectos da vida social<\/p>\n\n\n\n<div class=\"wp-block-group alignfull has-global-padding is-layout-constrained wp-block-group-is-layout-constrained\">\n<h2 class=\"wp-block-heading has-text-align-center\">Como podemos te ajudar:<\/h2>\n\n\n\n<p class=\"has-text-align-center\">No nosso escrit\u00f3rio jur\u00eddico, estamos comprometidos em fornecer assist\u00eancia especializada em quest\u00f5es de Direito Civil. Aqui est\u00e3o alguns exemplos de problemas que podemos ajudar a resolver:<\/p>\n\n\n\n<div class=\"wp-block-columns alignwide tw-cols-stack-md-2 is-layout-flex wp-container-core-columns-is-layout-51bdc539 wp-block-columns-is-layout-flex\">\n<div class=\"wp-block-column is-layout-flow wp-block-column-is-layout-flow\">\n<figure class=\"wp-block-image size-full\"><img loading=\"lazy\" decoding=\"async\" width=\"1880\" height=\"1253\" src=\"https:\/\/adrianateixeira.adv.br\/direito\/wp-content\/uploads\/2024\/03\/pexels-photo-5673488.jpeg\" alt=\"\" class=\"wp-image-1020\" style=\"aspect-ratio:4\/3;object-fit:cover\" srcset=\"https:\/\/adrianateixeira.adv.br\/direito\/wp-content\/uploads\/2024\/03\/pexels-photo-5673488.jpeg 1880w, https:\/\/adrianateixeira.adv.br\/direito\/wp-content\/uploads\/2024\/03\/pexels-photo-5673488-300x200.jpeg 300w, https:\/\/adrianateixeira.adv.br\/direito\/wp-content\/uploads\/2024\/03\/pexels-photo-5673488-1024x682.jpeg 1024w, https:\/\/adrianateixeira.adv.br\/direito\/wp-content\/uploads\/2024\/03\/pexels-photo-5673488-768x512.jpeg 768w, https:\/\/adrianateixeira.adv.br\/direito\/wp-content\/uploads\/2024\/03\/pexels-photo-5673488-1536x1024.jpeg 1536w\" sizes=\"auto, (max-width: 1880px) 100vw, 1880px\" \/><\/figure>\n\n\n\n<h3 class=\"wp-block-heading\" style=\"font-size:clamp(1.125rem, 1.125rem + ((1vw - 0.2rem) * 0.625), 1.5rem);\"><strong>Problemas com Contratos<\/strong><\/h3>\n\n\n\n<p class=\"has-text-align-left\">Se voc\u00ea estiver envolvido em um contrato que n\u00e3o est\u00e1 sendo cumprido por uma das partes, podemos ajud\u00e1-lo a entender seus direitos e buscar solu\u00e7\u00f5es, como rescis\u00e3o do contrato ou indeniza\u00e7\u00e3o por danos.<\/p>\n\n\n\n<p class=\"has-text-align-left\"><strong>Exemplos:<\/strong><\/p>\n\n\n\n<ol class=\"wp-block-list\">\n<li><strong>Contrato de loca\u00e7\u00e3o<\/strong>: Elabora\u00e7\u00e3o, revis\u00e3o e renova\u00e7\u00e3o contratual residencial e empresarial.<\/li>\n\n\n\n<li><strong>Disputas contratuais entre empresas<\/strong>: Contrata\u00e7\u00e3o de advogados para resolver disputas sobre interpreta\u00e7\u00e3o, viola\u00e7\u00f5es ou quebras de contrato.<\/li>\n\n\n\n<li><strong>Contratos de constru\u00e7\u00e3o<\/strong>: Aquisi\u00e7\u00e3o de im\u00f3vel com atraso de entrega, juros abusivos, qualidade inadequada e disputas de pagamento.<\/li>\n<\/ol>\n<\/div>\n\n\n\n<div class=\"wp-block-column is-layout-flow wp-block-column-is-layout-flow\">\n<figure class=\"wp-block-image size-full\"><img loading=\"lazy\" decoding=\"async\" width=\"1880\" height=\"1253\" src=\"https:\/\/adrianateixeira.adv.br\/direito\/wp-content\/uploads\/2024\/03\/pexels-photo-6383158.jpeg\" alt=\"\" class=\"wp-image-1027\" style=\"aspect-ratio:4\/3;object-fit:cover\" srcset=\"https:\/\/adrianateixeira.adv.br\/direito\/wp-content\/uploads\/2024\/03\/pexels-photo-6383158.jpeg 1880w, https:\/\/adrianateixeira.adv.br\/direito\/wp-content\/uploads\/2024\/03\/pexels-photo-6383158-300x200.jpeg 300w, https:\/\/adrianateixeira.adv.br\/direito\/wp-content\/uploads\/2024\/03\/pexels-photo-6383158-1024x682.jpeg 1024w, https:\/\/adrianateixeira.adv.br\/direito\/wp-content\/uploads\/2024\/03\/pexels-photo-6383158-768x512.jpeg 768w, https:\/\/adrianateixeira.adv.br\/direito\/wp-content\/uploads\/2024\/03\/pexels-photo-6383158-1536x1024.jpeg 1536w\" sizes=\"auto, (max-width: 1880px) 100vw, 1880px\" \/><\/figure>\n\n\n\n<h3 class=\"wp-block-heading\" style=\"font-size:clamp(1.125rem, 1.125rem + ((1vw - 0.2rem) * 0.625), 1.5rem);\"><strong>Indeniza\u00e7\u00f5es por danos<\/strong><\/h3>\n\n\n\n<p>Se voc\u00ea sofreu danos pessoais ou materiais por culpa de outra pessoa, podemos ajud\u00e1-lo a buscar compensa\u00e7\u00e3o pelos danos sofridos, incluindo indeniza\u00e7\u00e3o por despesas m\u00e9dicas, sal\u00e1rios perdidos e dor e sofrimento.<\/p>\n\n\n\n<p><strong>Exemplos:<\/strong><\/p>\n\n\n\n<ol class=\"wp-block-list\">\n<li><strong>Indeniza\u00e7\u00e3o por inscri\u00e7\u00e3o indevida no servi\u00e7o de prote\u00e7\u00e3o ao cr\u00e9dito<\/strong>: Compensa\u00e7\u00e3o por inclus\u00e3o injusta do nome, exigindo remo\u00e7\u00e3o e repara\u00e7\u00e3o dos danos.<\/li>\n\n\n\n<li><strong>Acidente de tr\u00e2nsito<\/strong>: Indeniza\u00e7\u00e3o por danos materiais e pessoais resultantes do acidente, responsabilizando-se o causador pelos preju\u00edzos.<\/li>\n\n\n\n<li><strong>Morte de familiar<\/strong>: Compensa\u00e7\u00e3o por danos morais devido \u00e0 perda, responsabilizando-se o respons\u00e1vel, se houver, pelo evento fatal.<\/li>\n<\/ol>\n<\/div>\n\n\n\n<div class=\"wp-block-column is-layout-flow wp-block-column-is-layout-flow\">\n<figure class=\"wp-block-image size-full\"><img loading=\"lazy\" decoding=\"async\" width=\"1880\" height=\"1252\" src=\"https:\/\/adrianateixeira.adv.br\/direito\/wp-content\/uploads\/2024\/03\/pexels-photo-259588.jpeg\" alt=\"\" class=\"wp-image-1024\" style=\"aspect-ratio:4\/3;object-fit:cover\" srcset=\"https:\/\/adrianateixeira.adv.br\/direito\/wp-content\/uploads\/2024\/03\/pexels-photo-259588.jpeg 1880w, https:\/\/adrianateixeira.adv.br\/direito\/wp-content\/uploads\/2024\/03\/pexels-photo-259588-300x200.jpeg 300w, https:\/\/adrianateixeira.adv.br\/direito\/wp-content\/uploads\/2024\/03\/pexels-photo-259588-1024x682.jpeg 1024w, https:\/\/adrianateixeira.adv.br\/direito\/wp-content\/uploads\/2024\/03\/pexels-photo-259588-768x511.jpeg 768w, https:\/\/adrianateixeira.adv.br\/direito\/wp-content\/uploads\/2024\/03\/pexels-photo-259588-1536x1023.jpeg 1536w\" sizes=\"auto, (max-width: 1880px) 100vw, 1880px\" \/><\/figure>\n\n\n\n<h3 class=\"wp-block-heading\" style=\"font-size:clamp(1.125rem, 1.125rem + ((1vw - 0.2rem) * 0.625), 1.5rem);\"><strong>Disputas de Propriedade<\/strong><\/h3>\n\n\n\n<p>Se voc\u00ea estiver enfrentando uma disputa de propriedade, como limites de terreno ou problemas de vizinhan\u00e7a, nossa equipe pode oferecer orienta\u00e7\u00e3o jur\u00eddica e representa\u00e7\u00e3o para resolver a quest\u00e3o da melhor forma poss\u00edvel.<\/p>\n\n\n\n<p><strong>Exemplos<\/strong>:<\/p>\n\n\n\n<ol class=\"wp-block-list\">\n<li><strong>Regulariza\u00e7\u00e3o de im\u00f3veis<\/strong>: A\u00e7\u00e3o judicial para legalizar im\u00f3veis constru\u00eddos em desacordo com normas, buscando autoriza\u00e7\u00e3o para uso ou ocupa\u00e7\u00e3o.<\/li>\n\n\n\n<li><strong>A\u00e7\u00e3o de Usucapi\u00e3o<\/strong>: Processo para adquirir propriedade de im\u00f3vel por posse prolongada, seguindo requisitos legais.<\/li>\n\n\n\n<li><strong>A\u00e7\u00e3o de adjudica\u00e7\u00e3o compuls\u00f3ria:<\/strong> Processo judicial para obrigar o propriet\u00e1rio a transferir a propriedade do im\u00f3vel quando todas as condi\u00e7\u00f5es contratuais s\u00e3o cumpridas, mas h\u00e1 recusa injustificada.<\/li>\n<\/ol>\n\n\n\n<p><\/p>\n<\/div>\n<\/div>\n<\/div>\n\n\n\n<div class=\"wp-block-group alignfull has-base-2-background-color has-background has-global-padding is-layout-constrained wp-block-group-is-layout-constrained\">\n<h2 class=\"wp-block-heading has-text-align-center\">Entre em Contato<\/h2>\n\n\n\n<div class=\"wp-block-buttons is-content-justification-center is-layout-flex wp-container-core-buttons-is-layout-e7f25eb7 wp-block-buttons-is-layout-flex\" style=\"margin-top:32px\">\n<div class=\"wp-block-button has-custom-font-size has-large-font-size\"><a class=\"wp-block-button__link wp-element-button\" href=\"https:\/\/wa.me\/\/5511958356814?text=Quero%20agendar%20uma%20consulta%20sobre%20direito%20civil.%20Meu%%20nome%20\u00e9%20______\" target=\"_blank\" rel=\"noreferrer noopener\">AGENDE O SEU ATENDIMENTO<\/a><\/div>\n<\/div>\n<\/div>\n\n\n\n<div class=\"wp-block-group has-global-padding is-layout-constrained wp-block-group-is-layout-constrained\">\n<h2 class=\"wp-block-heading\"><strong>Conhe\u00e7a o Nosso Escrit\u00f3rio de Advocacia<\/strong><\/h2>\n\n\n\n<p class=\"has-text-align-left\">H\u00e1 14 anos, estamos comprometidos em oferecer servi\u00e7os jur\u00eddicos de excel\u00eancia, com sede na cidade de S\u00e3o Paulo e atendimento online em todo o Brasil. Fundado pela advogada Adriana Teixeira, nosso escrit\u00f3rio \u00e9 dedicado a fornecer orienta\u00e7\u00e3o legal especializada e solu\u00e7\u00f5es eficazes para nossos clientes.<\/p>\n\n\n\n<p><strong>Nossa Hist\u00f3ria<\/strong><\/p>\n\n\n\n<p>Desde a sua funda\u00e7\u00e3o nosso escrit\u00f3rio tem sido uma fonte confi\u00e1vel de assist\u00eancia jur\u00eddica em diversas \u00e1reas. Com uma equipe experiente e dedicada, nos empenhamos em oferecer um servi\u00e7o personalizado e de alta qualidade, adaptado \u00e0s necessidades individuais de cada cliente.<\/p>\n\n\n\n<p><strong>Nosso Compromisso com Voc\u00ea<\/strong><\/p>\n\n\n\n<p>Consolidamos nosso compromisso em fornecer orienta\u00e7\u00e3o clara, representa\u00e7\u00e3o eficaz e suporte dedicado a todos os nossos clientes.<\/p>\n\n\n\n<p>Atuamos de forma que permite entender suas necessidades e buscar solu\u00e7\u00f5es que atendam \u00e0s suas expectativas.<\/p>\n<\/div>\n","protected":false},"excerpt":{"rendered":"<p>O Direito Civil \u00e9 um conjunto de regras que nos orienta sobre como devemos nos comportar em diversas situa\u00e7\u00f5es da vida cotidiana. Ele nos ajuda a entender nossos direitos e deveres em diferentes aspectos da vida social Como podemos te ajudar: No nosso escrit\u00f3rio jur\u00eddico, estamos comprometidos em fornecer assist\u00eancia especializada em quest\u00f5es de Direito [&hellip;]<\/p>\n","protected":false},"author":1,"featured_media":0,"parent":0,"menu_order":0,"comment_status":"closed","ping_status":"closed","template":"page-no-title","meta":{"footnotes":""},"class_list":["post-1018","page","type-page","status-publish","hentry"],"jetpack_sharing_enabled":true,"_links":{"self":[{"href":"https:\/\/adrianateixeira.adv.br\/direito\/wp-json\/wp\/v2\/pages\/1018","targetHints":{"allow":["GET"]}}],"collection":[{"href":"https:\/\/adrianateixeira.adv.br\/direito\/wp-json\/wp\/v2\/pages"}],"about":[{"href":"https:\/\/adrianateixeira.adv.br\/direito\/wp-json\/wp\/v2\/types\/page"}],"author":[{"embeddable":true,"href":"https:\/\/adrianateixeira.adv.br\/direito\/wp-json\/wp\/v2\/users\/1"}],"replies":[{"embeddable":true,"href":"https:\/\/adrianateixeira.adv.br\/direito\/wp-json\/wp\/v2\/comments?post=1018"}],"version-history":[{"count":27,"href":"https:\/\/adrianateixeira.adv.br\/direito\/wp-json\/wp\/v2\/pages\/1018\/revisions"}],"predecessor-version":[{"id":1158,"href":"https:\/\/adrianateixeira.adv.br\/direito\/wp-json\/wp\/v2\/pages\/1018\/revisions\/1158"}],"wp:attachment":[{"href":"https:\/\/adrianateixeira.adv.br\/direito\/wp-json\/wp\/v2\/media?parent=1018"}],"curies":[{"name":"wp","href":"https:\/\/api.w.org\/{rel}","templated":true}]}}