{"id":1056,"date":"2024-04-01T19:28:47","date_gmt":"2024-04-01T22:28:47","guid":{"rendered":"https:\/\/adrianateixeira.adv.br\/direito\/?page_id=1056"},"modified":"2025-03-19T21:05:18","modified_gmt":"2025-03-20T00:05:18","slug":"direito-imobiliario","status":"publish","type":"page","link":"https:\/\/adrianateixeira.adv.br\/direito\/direito-imobiliario\/","title":{"rendered":"Direito Imobili\u00e1rio"},"content":{"rendered":"\n<div class=\"wp-block-cover alignwide has-white-color has-text-color\" style=\"min-height:70vh;aspect-ratio:unset;\"><span aria-hidden=\"true\" class=\"wp-block-cover__background has-background-dim-80 has-background-dim\"><\/span><img loading=\"lazy\" decoding=\"async\" width=\"1880\" height=\"1253\" sizes=\"auto, (max-width: 799px) 200vw, (max-width: 1880px) 100vw, 1880px\" class=\"wp-block-cover__image-background wp-image-1022\" alt=\"\" src=\"https:\/\/adrianateixeira.adv.br\/direito\/wp-content\/uploads\/2024\/03\/pexels-photo-936722.jpeg\" data-object-fit=\"cover\" srcset=\"https:\/\/adrianateixeira.adv.br\/direito\/wp-content\/uploads\/2024\/03\/pexels-photo-936722.jpeg 1880w, https:\/\/adrianateixeira.adv.br\/direito\/wp-content\/uploads\/2024\/03\/pexels-photo-936722-300x200.jpeg 300w, https:\/\/adrianateixeira.adv.br\/direito\/wp-content\/uploads\/2024\/03\/pexels-photo-936722-1024x682.jpeg 1024w, https:\/\/adrianateixeira.adv.br\/direito\/wp-content\/uploads\/2024\/03\/pexels-photo-936722-768x512.jpeg 768w, https:\/\/adrianateixeira.adv.br\/direito\/wp-content\/uploads\/2024\/03\/pexels-photo-936722-1536x1024.jpeg 1536w\" \/><div class=\"wp-block-cover__inner-container has-global-padding is-layout-constrained wp-block-cover-is-layout-constrained\">\n<h1 class=\"wp-block-heading has-text-align-center has-base-2-color has-text-color has-link-color wp-elements-8e478139d8090843fe0532b7f446ab28\">Entenda nossa atua\u00e7\u00e3o na \u00e1rea de Direito Imobili\u00e1rio<\/h1>\n\n\n\n<div class=\"wp-block-buttons is-content-justification-center is-layout-flex wp-container-core-buttons-is-layout-e7f25eb7 wp-block-buttons-is-layout-flex\" style=\"margin-top:32px\">\n<div class=\"wp-block-button has-custom-font-size has-large-font-size\"><a class=\"wp-block-button__link has-black-color has-text-color has-background wp-element-button\" href=\"https:\/\/wa.me\/\/5511958356814?text=Quero%20agendar%20uma%20consulta%20sobre%20direito%20civil.%20Meu%%20nome%20\u00e9%20______\" style=\"background-color:#f47905\" target=\"_blank\" rel=\"noreferrer noopener\">AGENDE O SEU ATENDIMENTO<\/a><\/div>\n<\/div>\n<\/div><\/div>\n\n\n\n<p class=\"has-text-align-center\">Lidamos com as regras sobre casas, terrenos e negocia\u00e7\u00f5es de im\u00f3veis. Isso inclui desde como comprar ou vender uma casa at\u00e9 os detalhes de alugar um im\u00f3vel e resolver problemas de propriedade<\/p>\n\n\n\n<div class=\"wp-block-group alignwide has-global-padding is-layout-constrained wp-block-group-is-layout-constrained\">\n<h2 class=\"wp-block-heading has-text-align-center\">Como podemos te ajudar:<\/h2>\n\n\n\n<p class=\"has-text-align-center\">Oferecemos um atendimento personalizado e atencioso para encontrar a solu\u00e7\u00e3o mais r\u00e1pida e eficiente para o seu caso.<\/p>\n<\/div>\n\n\n\n<div class=\"wp-block-group alignfull has-global-padding is-layout-constrained wp-block-group-is-layout-constrained\">\n<div class=\"wp-block-columns alignwide are-vertically-aligned-center tw-cols-stack-md is-layout-flex wp-container-core-columns-is-layout-d16b27b0 wp-block-columns-is-layout-flex tw-large-gap\">\n<div class=\"wp-block-column is-vertically-aligned-center has-global-padding is-layout-constrained wp-block-column-is-layout-constrained\">\n<figure class=\"wp-block-image size-full\"><img loading=\"lazy\" decoding=\"async\" width=\"1880\" height=\"1291\" src=\"https:\/\/adrianateixeira.adv.br\/direito\/wp-content\/uploads\/2024\/04\/pexels-photo-209296.jpeg\" alt=\"\" class=\"wp-image-1061\" style=\"aspect-ratio:16\/9;object-fit:cover\" srcset=\"https:\/\/adrianateixeira.adv.br\/direito\/wp-content\/uploads\/2024\/04\/pexels-photo-209296.jpeg 1880w, https:\/\/adrianateixeira.adv.br\/direito\/wp-content\/uploads\/2024\/04\/pexels-photo-209296-300x206.jpeg 300w, https:\/\/adrianateixeira.adv.br\/direito\/wp-content\/uploads\/2024\/04\/pexels-photo-209296-1024x703.jpeg 1024w, https:\/\/adrianateixeira.adv.br\/direito\/wp-content\/uploads\/2024\/04\/pexels-photo-209296-768x527.jpeg 768w, https:\/\/adrianateixeira.adv.br\/direito\/wp-content\/uploads\/2024\/04\/pexels-photo-209296-1536x1055.jpeg 1536w\" sizes=\"auto, (max-width: 1880px) 100vw, 1880px\" \/><\/figure>\n<\/div>\n\n\n\n<div class=\"wp-block-column is-vertically-aligned-center has-global-padding is-layout-constrained wp-block-column-is-layout-constrained\">\n<ol class=\"wp-block-list\">\n<li><strong>Regulariza\u00e7\u00e3o de im\u00f3veis<\/strong>: A\u00e7\u00e3o judicial para legalizar im\u00f3veis constru\u00eddos em desacordo com normas, buscando autoriza\u00e7\u00e3o para uso ou ocupa\u00e7\u00e3o.<\/li>\n\n\n\n<li><strong>A\u00e7\u00e3o de Usucapi\u00e3o<\/strong>: Processo para adquirir propriedade de im\u00f3vel por posse prolongada, seguindo requisitos legais.<\/li>\n\n\n\n<li><strong>A\u00e7\u00e3o de adjudica\u00e7\u00e3o compuls\u00f3ria:<\/strong> Processo judicial para obrigar o propriet\u00e1rio a transferir a propriedade do im\u00f3vel quando todas as condi\u00e7\u00f5es contratuais s\u00e3o cumpridas, mas h\u00e1 recusa injustificada.<\/li>\n<\/ol>\n<\/div>\n<\/div>\n<\/div>\n\n\n\n<div class=\"wp-block-group alignfull has-base-2-background-color has-background has-global-padding is-layout-constrained wp-block-group-is-layout-constrained\">\n<h2 class=\"wp-block-heading has-text-align-center\">Entre em Contato<\/h2>\n\n\n\n<div class=\"wp-block-buttons is-content-justification-center is-layout-flex wp-container-core-buttons-is-layout-e7f25eb7 wp-block-buttons-is-layout-flex\" style=\"margin-top:32px\">\n<div class=\"wp-block-button has-custom-font-size has-large-font-size\"><a class=\"wp-block-button__link wp-element-button\" href=\"https:\/\/wa.me\/\/5511958356814?text=Quero%20agendar%20uma%20consulta%20sobre%20direito%20civil.%20Meu%%20nome%20\u00e9%20______\" target=\"_blank\" rel=\"noreferrer noopener\">AGENDE O SEU ATENDIMENTO<\/a><\/div>\n<\/div>\n<\/div>\n\n\n\n<div class=\"wp-block-group has-global-padding is-layout-constrained wp-block-group-is-layout-constrained\">\n<h2 class=\"wp-block-heading\"><strong>Conhe\u00e7a o Nosso Escrit\u00f3rio de Advocacia<\/strong><\/h2>\n\n\n\n<p class=\"has-text-align-left\">H\u00e1 14 anos, estamos comprometidos em oferecer servi\u00e7os jur\u00eddicos de excel\u00eancia, com sede na cidade de S\u00e3o Paulo e atendimento online em todo o Brasil. Fundado pela advogada Adriana Teixeira, nosso escrit\u00f3rio \u00e9 dedicado a fornecer orienta\u00e7\u00e3o legal especializada e solu\u00e7\u00f5es eficazes para nossos clientes.<\/p>\n\n\n\n<p><strong>Nossa Hist\u00f3ria<\/strong><\/p>\n\n\n\n<p>Desde a sua funda\u00e7\u00e3o nosso escrit\u00f3rio tem sido uma fonte confi\u00e1vel de assist\u00eancia jur\u00eddica em diversas \u00e1reas. Com uma equipe experiente e dedicada, nos empenhamos em oferecer um servi\u00e7o personalizado e de alta qualidade, adaptado \u00e0s necessidades individuais de cada cliente.<\/p>\n\n\n\n<p><strong>Nosso Compromisso com Voc\u00ea<\/strong><\/p>\n\n\n\n<p>Consolidamos nosso compromisso em fornecer orienta\u00e7\u00e3o clara, representa\u00e7\u00e3o eficaz e suporte dedicado a todos os nossos clientes.<\/p>\n\n\n\n<p>Atuamos de forma que permite entender suas necessidades e buscar solu\u00e7\u00f5es que atendam \u00e0s suas expectativas.<\/p>\n<\/div>\n","protected":false},"excerpt":{"rendered":"<p>Lidamos com as regras sobre casas, terrenos e negocia\u00e7\u00f5es de im\u00f3veis. Isso inclui desde como comprar ou vender uma casa at\u00e9 os detalhes de alugar um im\u00f3vel e resolver problemas de propriedade Como podemos te ajudar: Oferecemos um atendimento personalizado e atencioso para encontrar a solu\u00e7\u00e3o mais r\u00e1pida e eficiente para o seu caso. Entre [&hellip;]<\/p>\n","protected":false},"author":1,"featured_media":0,"parent":0,"menu_order":0,"comment_status":"closed","ping_status":"closed","template":"page-no-title","meta":{"footnotes":""},"class_list":["post-1056","page","type-page","status-publish","hentry"],"jetpack_sharing_enabled":true,"_links":{"self":[{"href":"https:\/\/adrianateixeira.adv.br\/direito\/wp-json\/wp\/v2\/pages\/1056","targetHints":{"allow":["GET"]}}],"collection":[{"href":"https:\/\/adrianateixeira.adv.br\/direito\/wp-json\/wp\/v2\/pages"}],"about":[{"href":"https:\/\/adrianateixeira.adv.br\/direito\/wp-json\/wp\/v2\/types\/page"}],"author":[{"embeddable":true,"href":"https:\/\/adrianateixeira.adv.br\/direito\/wp-json\/wp\/v2\/users\/1"}],"replies":[{"embeddable":true,"href":"https:\/\/adrianateixeira.adv.br\/direito\/wp-json\/wp\/v2\/comments?post=1056"}],"version-history":[{"count":7,"href":"https:\/\/adrianateixeira.adv.br\/direito\/wp-json\/wp\/v2\/pages\/1056\/revisions"}],"predecessor-version":[{"id":1160,"href":"https:\/\/adrianateixeira.adv.br\/direito\/wp-json\/wp\/v2\/pages\/1056\/revisions\/1160"}],"wp:attachment":[{"href":"https:\/\/adrianateixeira.adv.br\/direito\/wp-json\/wp\/v2\/media?parent=1056"}],"curies":[{"name":"wp","href":"https:\/\/api.w.org\/{rel}","templated":true}]}}