{"id":1066,"date":"2024-04-01T19:41:36","date_gmt":"2024-04-01T22:41:36","guid":{"rendered":"https:\/\/adrianateixeira.adv.br\/direito\/?page_id=1066"},"modified":"2025-03-19T21:04:46","modified_gmt":"2025-03-20T00:04:46","slug":"direito-de-familia","status":"publish","type":"page","link":"https:\/\/adrianateixeira.adv.br\/direito\/direito-de-familia\/","title":{"rendered":"Direito de Fam\u00edlia"},"content":{"rendered":"\n<div class=\"wp-block-cover alignwide has-white-color has-text-color\" style=\"min-height:70vh;aspect-ratio:unset;\"><span aria-hidden=\"true\" class=\"wp-block-cover__background has-background-dim-60 has-background-dim\"><\/span><img loading=\"lazy\" decoding=\"async\" width=\"1880\" height=\"1253\" sizes=\"auto, (max-width: 799px) 200vw, (max-width: 1880px) 100vw, 1880px\" class=\"wp-block-cover__image-background wp-image-1076\" alt=\"family walking on path\" src=\"https:\/\/adrianateixeira.adv.br\/direito\/wp-content\/uploads\/2024\/04\/pexels-photo-1682497.jpeg\" data-object-fit=\"cover\" srcset=\"https:\/\/adrianateixeira.adv.br\/direito\/wp-content\/uploads\/2024\/04\/pexels-photo-1682497.jpeg 1880w, https:\/\/adrianateixeira.adv.br\/direito\/wp-content\/uploads\/2024\/04\/pexels-photo-1682497-300x200.jpeg 300w, https:\/\/adrianateixeira.adv.br\/direito\/wp-content\/uploads\/2024\/04\/pexels-photo-1682497-1024x682.jpeg 1024w, https:\/\/adrianateixeira.adv.br\/direito\/wp-content\/uploads\/2024\/04\/pexels-photo-1682497-768x512.jpeg 768w, https:\/\/adrianateixeira.adv.br\/direito\/wp-content\/uploads\/2024\/04\/pexels-photo-1682497-1536x1024.jpeg 1536w\" \/><div class=\"wp-block-cover__inner-container has-global-padding is-layout-constrained wp-block-cover-is-layout-constrained\">\n<h1 class=\"wp-block-heading has-text-align-center has-base-2-color has-text-color has-link-color wp-elements-604f7ec3bb5857be33c70074719792ce\">Entenda nossa atua\u00e7\u00e3o na \u00e1rea de Direito de Fam\u00edlia<\/h1>\n\n\n\n<div class=\"wp-block-buttons is-content-justification-center is-layout-flex wp-container-core-buttons-is-layout-e7f25eb7 wp-block-buttons-is-layout-flex\" style=\"margin-top:32px\">\n<div class=\"wp-block-button has-custom-font-size has-large-font-size\"><a class=\"wp-block-button__link has-black-color has-text-color has-background wp-element-button\" href=\"https:\/\/wa.me\/\/5511958356814?text=Quero%20agendar%20uma%20consulta%20sobre%20direito%20civil.%20Meu%%20nome%20\u00e9%20______\" style=\"background-color:#f47905\" target=\"_blank\" rel=\"noreferrer noopener\">AGENDE O SEU ATENDIMENTO<\/a><\/div>\n<\/div>\n<\/div><\/div>\n\n\n\n<p class=\"has-text-align-center\">Direito de fam\u00edlia \u00e9 a parte do direito que lida com assuntos das rela\u00e7\u00f5es familiares e dom\u00e9sticas, como casamento, div\u00f3rcio, cuidados com os filhos, pens\u00e3o aliment\u00edcia e ado\u00e7\u00e3o.<\/p>\n\n\n\n<div class=\"wp-block-group alignwide has-global-padding is-layout-constrained wp-block-group-is-layout-constrained\">\n<h2 class=\"wp-block-heading has-text-align-center\">Como podemos te ajudar:<\/h2>\n\n\n\n<p class=\"has-text-align-center\">Nossa equipe jur\u00eddica est\u00e1 preparada para fornecer suporte dedicado em uma diversidade de \u00e1reas do Direito de Fam\u00edlia. Caso voc\u00ea esteja lidando com situa\u00e7\u00f5es como:<\/p>\n<\/div>\n\n\n\n<div class=\"wp-block-group alignfull has-global-padding is-layout-constrained wp-block-group-is-layout-constrained\">\n<div class=\"wp-block-columns alignwide are-vertically-aligned-center tw-cols-stack-md is-layout-flex wp-container-core-columns-is-layout-d16b27b0 wp-block-columns-is-layout-flex tw-large-gap\">\n<div class=\"wp-block-column is-vertically-aligned-center has-global-padding is-layout-constrained wp-block-column-is-layout-constrained\">\n<figure class=\"wp-block-image size-full\"><img loading=\"lazy\" decoding=\"async\" width=\"1880\" height=\"1253\" src=\"https:\/\/adrianateixeira.adv.br\/direito\/wp-content\/uploads\/2024\/04\/family-pier-man-woman-39691.jpeg\" alt=\"\" class=\"wp-image-1077\" style=\"aspect-ratio:16\/9;object-fit:cover\" srcset=\"https:\/\/adrianateixeira.adv.br\/direito\/wp-content\/uploads\/2024\/04\/family-pier-man-woman-39691.jpeg 1880w, https:\/\/adrianateixeira.adv.br\/direito\/wp-content\/uploads\/2024\/04\/family-pier-man-woman-39691-300x200.jpeg 300w, https:\/\/adrianateixeira.adv.br\/direito\/wp-content\/uploads\/2024\/04\/family-pier-man-woman-39691-1024x682.jpeg 1024w, https:\/\/adrianateixeira.adv.br\/direito\/wp-content\/uploads\/2024\/04\/family-pier-man-woman-39691-768x512.jpeg 768w, https:\/\/adrianateixeira.adv.br\/direito\/wp-content\/uploads\/2024\/04\/family-pier-man-woman-39691-1536x1024.jpeg 1536w\" sizes=\"auto, (max-width: 1880px) 100vw, 1880px\" \/><\/figure>\n<\/div>\n\n\n\n<div class=\"wp-block-column is-vertically-aligned-center has-global-padding is-layout-constrained wp-block-column-is-layout-constrained\">\n<ul class=\"wp-block-list is-style-tw-arrow\">\n<li>Div\u00f3rcio e separa\u00e7\u00e3o, incluindo divis\u00e3o de bens e guarda de crian\u00e7as;<\/li>\n\n\n\n<li>Disputas de guarda de crian\u00e7as, regulamenta\u00e7\u00e3o de visitas e cust\u00f3dia;<\/li>\n\n\n\n<li>Fixa\u00e7\u00e3o ou modifica\u00e7\u00e3o de pens\u00e3o aliment\u00edcia para crian\u00e7as ou c\u00f4njuges;<\/li>\n\n\n\n<li>Quest\u00f5es relacionadas a paternidade e teste de DNA, acordos pr\u00e9-nupciais e p\u00f3s-nupciais.<\/li>\n\n\n\n<li>Invent\u00e1rio Judicial e Extrajudicial.<\/li>\n<\/ul>\n<\/div>\n<\/div>\n<\/div>\n\n\n\n<div class=\"wp-block-group alignfull has-base-2-background-color has-background has-global-padding is-layout-constrained wp-block-group-is-layout-constrained\">\n<h2 class=\"wp-block-heading has-text-align-center\">Entre em Contato<\/h2>\n\n\n\n<p class=\"has-text-align-center\">Se voc\u00ea precisa de assist\u00eancia em quest\u00f5es de Direito de Fam\u00edlia, entre em contato conosco hoje mesmo. Estamos prontos para oferecer orienta\u00e7\u00e3o jur\u00eddica personalizada e solu\u00e7\u00f5es eficazes para ajud\u00e1-lo a resolver seus problemas familiares da melhor maneira poss\u00edvel.<\/p>\n\n\n\n<p class=\"has-text-align-center\">Agende uma consulta agora e deixe-nos ajud\u00e1-lo a proteger seus interesses e os de seus entes queridos.<\/p>\n\n\n\n<div class=\"wp-block-buttons is-content-justification-center is-layout-flex wp-container-core-buttons-is-layout-e7f25eb7 wp-block-buttons-is-layout-flex\" style=\"margin-top:32px\">\n<div class=\"wp-block-button has-custom-font-size has-large-font-size\"><a class=\"wp-block-button__link wp-element-button\" href=\"https:\/\/wa.me\/\/5511958356814?text=Quero%20agendar%20uma%20consulta%20sobre%20direito%20civil.%20Meu%%20nome%20\u00e9%20______\" target=\"_blank\" rel=\"noreferrer noopener\">AGENDE O SEU ATENDIMENTO<\/a><\/div>\n<\/div>\n<\/div>\n\n\n\n<div class=\"wp-block-group has-global-padding is-layout-constrained wp-block-group-is-layout-constrained\">\n<h2 class=\"wp-block-heading\"><strong>Conhe\u00e7a o Nosso Escrit\u00f3rio de Advocacia<\/strong><\/h2>\n\n\n\n<p class=\"has-text-align-left\">H\u00e1 14 anos, estamos comprometidos em oferecer servi\u00e7os jur\u00eddicos de excel\u00eancia, com sede na cidade de S\u00e3o Paulo e atendimento online em todo o Brasil. Fundado pela advogada Adriana Teixeira, nosso escrit\u00f3rio \u00e9 dedicado a fornecer orienta\u00e7\u00e3o legal especializada e solu\u00e7\u00f5es eficazes para nossos clientes.<\/p>\n\n\n\n<p><strong>Nossa Hist\u00f3ria<\/strong><\/p>\n\n\n\n<p>Desde a sua funda\u00e7\u00e3o nosso escrit\u00f3rio tem sido uma fonte confi\u00e1vel de assist\u00eancia jur\u00eddica em diversas \u00e1reas. Com uma equipe experiente e dedicada, nos empenhamos em oferecer um servi\u00e7o personalizado e de alta qualidade, adaptado \u00e0s necessidades individuais de cada cliente.<\/p>\n\n\n\n<p><strong>Nosso Compromisso com Voc\u00ea<\/strong><\/p>\n\n\n\n<p>Consolidamos nosso compromisso em fornecer orienta\u00e7\u00e3o clara, representa\u00e7\u00e3o eficaz e suporte dedicado a todos os nossos clientes.<\/p>\n\n\n\n<p>Atuamos de forma que permite entender suas necessidades e buscar solu\u00e7\u00f5es que atendam \u00e0s suas expectativas.<\/p>\n<\/div>\n","protected":false},"excerpt":{"rendered":"<p>Direito de fam\u00edlia \u00e9 a parte do direito que lida com assuntos das rela\u00e7\u00f5es familiares e dom\u00e9sticas, como casamento, div\u00f3rcio, cuidados com os filhos, pens\u00e3o aliment\u00edcia e ado\u00e7\u00e3o. Como podemos te ajudar: Nossa equipe jur\u00eddica est\u00e1 preparada para fornecer suporte dedicado em uma diversidade de \u00e1reas do Direito de Fam\u00edlia. Caso voc\u00ea esteja lidando com [&hellip;]<\/p>\n","protected":false},"author":1,"featured_media":0,"parent":0,"menu_order":0,"comment_status":"closed","ping_status":"closed","template":"page-no-title","meta":{"footnotes":""},"class_list":["post-1066","page","type-page","status-publish","hentry"],"jetpack_sharing_enabled":true,"_links":{"self":[{"href":"https:\/\/adrianateixeira.adv.br\/direito\/wp-json\/wp\/v2\/pages\/1066","targetHints":{"allow":["GET"]}}],"collection":[{"href":"https:\/\/adrianateixeira.adv.br\/direito\/wp-json\/wp\/v2\/pages"}],"about":[{"href":"https:\/\/adrianateixeira.adv.br\/direito\/wp-json\/wp\/v2\/types\/page"}],"author":[{"embeddable":true,"href":"https:\/\/adrianateixeira.adv.br\/direito\/wp-json\/wp\/v2\/users\/1"}],"replies":[{"embeddable":true,"href":"https:\/\/adrianateixeira.adv.br\/direito\/wp-json\/wp\/v2\/comments?post=1066"}],"version-history":[{"count":6,"href":"https:\/\/adrianateixeira.adv.br\/direito\/wp-json\/wp\/v2\/pages\/1066\/revisions"}],"predecessor-version":[{"id":1159,"href":"https:\/\/adrianateixeira.adv.br\/direito\/wp-json\/wp\/v2\/pages\/1066\/revisions\/1159"}],"wp:attachment":[{"href":"https:\/\/adrianateixeira.adv.br\/direito\/wp-json\/wp\/v2\/media?parent=1066"}],"curies":[{"name":"wp","href":"https:\/\/api.w.org\/{rel}","templated":true}]}}