{"id":1097,"date":"2024-04-04T21:07:12","date_gmt":"2024-04-05T00:07:12","guid":{"rendered":"https:\/\/adrianateixeira.adv.br\/direito\/?page_id=1097"},"modified":"2025-03-19T21:02:49","modified_gmt":"2025-03-20T00:02:49","slug":"desbloqueio-de-conta-bancaria-com-ordem-judicial","status":"publish","type":"page","link":"https:\/\/adrianateixeira.adv.br\/direito\/desbloqueio-de-conta-bancaria-com-ordem-judicial\/","title":{"rendered":"Desbloqueio de conta banc\u00e1ria com ordem judicial"},"content":{"rendered":"\n<div class=\"wp-block-cover alignwide is-style-default has-white-color has-text-color has-aspect-ratio wp-duotone-unset-1\" style=\"margin-top:0;margin-bottom:0;padding-top:0;padding-bottom:0;min-height:70vh;aspect-ratio:16\/9;min-height:unset;\"><span aria-hidden=\"true\" class=\"wp-block-cover__background has-contrast-background-color has-background-dim\"><\/span><img loading=\"lazy\" decoding=\"async\" width=\"1340\" height=\"768\" sizes=\"auto, (max-width: 799px) 125vw, (max-width: 1340px) 100vw, 1340px\" class=\"wp-block-cover__image-background wp-image-1112\" alt=\"\" src=\"https:\/\/adrianateixeira.adv.br\/direito\/wp-content\/uploads\/2024\/04\/bloqueio-conta-judicial2.jpg\" data-object-fit=\"cover\" srcset=\"https:\/\/adrianateixeira.adv.br\/direito\/wp-content\/uploads\/2024\/04\/bloqueio-conta-judicial2.jpg 1340w, https:\/\/adrianateixeira.adv.br\/direito\/wp-content\/uploads\/2024\/04\/bloqueio-conta-judicial2-300x172.jpg 300w, https:\/\/adrianateixeira.adv.br\/direito\/wp-content\/uploads\/2024\/04\/bloqueio-conta-judicial2-1024x587.jpg 1024w, https:\/\/adrianateixeira.adv.br\/direito\/wp-content\/uploads\/2024\/04\/bloqueio-conta-judicial2-768x440.jpg 768w\" \/><div class=\"wp-block-cover__inner-container has-global-padding is-layout-constrained wp-block-cover-is-layout-constrained\">\n<h1 class=\"wp-block-heading alignwide has-text-align-center has-base-2-color has-text-color has-link-color wp-elements-733a9466b55a5b6f2f8f1955ec66b58d\">Desbloqueio de conta banc\u00e1ria com ordem judicial<\/h1>\n\n\n\n<div class=\"wp-block-buttons is-content-justification-center is-layout-flex wp-container-core-buttons-is-layout-e7f25eb7 wp-block-buttons-is-layout-flex\" style=\"margin-top:32px\">\n<div class=\"wp-block-button has-custom-font-size has-medium-font-size\"><a class=\"wp-block-button__link has-black-color has-white-background-color has-text-color has-background wp-element-button\" href=\"https:\/\/wa.me\/5511958356814?text=Gostaria%20de%20agendar%20um%20atendimento%20com%20advogado.%20Meu%20nome%20\u00e9____\" target=\"_blank\" rel=\"noreferrer noopener\">AGENDE O SEU ATENDIMENTO<\/a><\/div>\n<\/div>\n<\/div><\/div>\n\n\n\n<p class=\"has-text-align-left\">Voc\u00ea teve sua conta banc\u00e1ria bloqueada judicialmente devido a uma disputa legal. Esse bloqueio pode causar s\u00e9rios transtornos em sua vida financeira, dificultando o acesso aos seus pr\u00f3prios fundos e impossibilitando o pagamento de contas e despesas b\u00e1sicas.<\/p>\n\n\n\n<p><\/p>\n\n\n\n<div class=\"wp-block-group alignwide has-global-padding is-layout-constrained wp-block-group-is-layout-constrained\">\n<h2 class=\"wp-block-heading has-text-align-center\">Como podemos te ajudar:<\/h2>\n\n\n\n<p class=\"has-text-align-left\">Como um escrit\u00f3rio especializado em direito civil com mais de 14 anos de experi\u00eancia, estamos aqui para oferecer assist\u00eancia e orienta\u00e7\u00e3o jur\u00eddica em seu caso. Entendemos os desafios e o estresse que um bloqueio judicial de conta pode causar e estou comprometido em ajud\u00e1-lo a resolver essa situa\u00e7\u00e3o de forma eficaz.<\/p>\n<\/div>\n\n\n\n<h2 class=\"wp-block-heading\">O que faremos:<\/h2>\n\n\n\n<ol class=\"wp-block-list\">\n<li><strong>Avalia\u00e7\u00e3o do seu caso:<\/strong> Vamos analisar detalhadamente os documentos e informa\u00e7\u00f5es relacionados ao bloqueio de sua conta para entender completamente sua situa\u00e7\u00e3o legal.<\/li>\n\n\n\n<li><strong>Explorar Op\u00e7\u00f5es Legais:<\/strong> Trabalharemos para identificar as op\u00e7\u00f5es legais dispon\u00edveis para desbloquear sua conta banc\u00e1ria o mais r\u00e1pido poss\u00edvel, buscando solu\u00e7\u00f5es que protejam seus direitos e interesses.<\/li>\n\n\n\n<li><strong>Represent\u00e1-lo Legalmente:<\/strong> Iremos represent\u00e1-lo perante o tribunal e outras partes envolvidas, defendendo seus direitos e lutando para garantir uma resolu\u00e7\u00e3o favor\u00e1vel em seu caso.<\/li>\n\n\n\n<li><strong>Fornecer Suporte Cont\u00ednuo:<\/strong> Estaremos dispon\u00edveis para responder a todas as suas perguntas, fornecer atualiza\u00e7\u00f5es regulares sobre o progresso do seu caso e oferecer suporte e orienta\u00e7\u00e3o em cada etapa do processo.<\/li>\n<\/ol>\n\n\n\n<div class=\"wp-block-group alignfull has-base-2-background-color has-background has-global-padding is-layout-constrained wp-block-group-is-layout-constrained\">\n<h2 class=\"wp-block-heading has-text-align-center\">Entre em Contato<\/h2>\n\n\n\n<p class=\"has-text-align-center\">N\u00e3o deixe que um bloqueio judicial de conta prejudique sua vida financeira e cause mais estresse do que o necess\u00e1rio. Entre em contato hoje mesmo para uma consulta inicial gratuita e descubra como podemos ajud\u00e1-lo a resolver esse problema legal de forma eficaz e tranquila.<\/p>\n\n\n\n<p class=\"has-text-align-center\">Recupere o acesso a sua conta e retome o controle de sua vida financeira. Estamos aqui para ajud\u00e1-lo a superar esse obst\u00e1culo e seguir em frente com confian\u00e7a.<\/p>\n\n\n\n<div class=\"wp-block-buttons is-content-justification-center is-layout-flex wp-container-core-buttons-is-layout-e7f25eb7 wp-block-buttons-is-layout-flex\" style=\"margin-top:32px\">\n<div class=\"wp-block-button has-custom-font-size has-large-font-size\"><a class=\"wp-block-button__link wp-element-button\" href=\"https:\/\/wa.me\/5511958356814?text=Gostaria%20de%20agendar%20um%20atendimento%20com%20advogado.%20Meu%20nome%20\u00e9____\" target=\"_blank\" rel=\"noreferrer noopener\">AGENTE O SEU ATENDIMENTO<\/a><\/div>\n<\/div>\n<\/div>\n\n\n\n<div class=\"wp-block-group has-global-padding is-layout-constrained wp-block-group-is-layout-constrained\">\n<h2 class=\"wp-block-heading\"><strong>Conhe\u00e7a o Nosso Escrit\u00f3rio de Advocacia<\/strong><\/h2>\n\n\n\n<p class=\"has-text-align-left\">H\u00e1 14 anos, estamos comprometidos em oferecer servi\u00e7os jur\u00eddicos de excel\u00eancia, com sede na cidade de S\u00e3o Paulo e atendimento online em todo o Brasil. Fundado pela advogada Adriana Teixeira, nosso escrit\u00f3rio \u00e9 dedicado a fornecer orienta\u00e7\u00e3o legal especializada e solu\u00e7\u00f5es eficazes para nossos clientes.<\/p>\n\n\n\n<p><strong>Nossa Hist\u00f3ria<\/strong><\/p>\n\n\n\n<p>Desde a sua funda\u00e7\u00e3o nosso escrit\u00f3rio tem sido uma fonte confi\u00e1vel de assist\u00eancia jur\u00eddica em diversas \u00e1reas. Com uma equipe experiente e dedicada, nos empenhamos em oferecer um servi\u00e7o personalizado e de alta qualidade, adaptado \u00e0s necessidades individuais de cada cliente.<\/p>\n\n\n\n<p><strong>Nosso Compromisso com Voc\u00ea<\/strong><\/p>\n\n\n\n<p>Consolidamos nosso compromisso em fornecer orienta\u00e7\u00e3o clara, representa\u00e7\u00e3o eficaz e suporte dedicado a todos os nossos clientes.<\/p>\n\n\n\n<p>Atuamos de forma que permite entender suas necessidades e buscar solu\u00e7\u00f5es que atendam \u00e0s suas expectativas.<\/p>\n<\/div>\n\n\n\n<p><\/p>\n","protected":false},"excerpt":{"rendered":"<p>Voc\u00ea teve sua conta banc\u00e1ria bloqueada judicialmente devido a uma disputa legal. Esse bloqueio pode causar s\u00e9rios transtornos em sua vida financeira, dificultando o acesso aos seus pr\u00f3prios fundos e impossibilitando o pagamento de contas e despesas b\u00e1sicas. Como podemos te ajudar: Como um escrit\u00f3rio especializado em direito civil com mais de 14 anos de [&hellip;]<\/p>\n","protected":false},"author":1,"featured_media":0,"parent":0,"menu_order":0,"comment_status":"closed","ping_status":"closed","template":"page-no-title","meta":{"footnotes":""},"class_list":["post-1097","page","type-page","status-publish","hentry"],"jetpack_sharing_enabled":true,"_links":{"self":[{"href":"https:\/\/adrianateixeira.adv.br\/direito\/wp-json\/wp\/v2\/pages\/1097","targetHints":{"allow":["GET"]}}],"collection":[{"href":"https:\/\/adrianateixeira.adv.br\/direito\/wp-json\/wp\/v2\/pages"}],"about":[{"href":"https:\/\/adrianateixeira.adv.br\/direito\/wp-json\/wp\/v2\/types\/page"}],"author":[{"embeddable":true,"href":"https:\/\/adrianateixeira.adv.br\/direito\/wp-json\/wp\/v2\/users\/1"}],"replies":[{"embeddable":true,"href":"https:\/\/adrianateixeira.adv.br\/direito\/wp-json\/wp\/v2\/comments?post=1097"}],"version-history":[{"count":12,"href":"https:\/\/adrianateixeira.adv.br\/direito\/wp-json\/wp\/v2\/pages\/1097\/revisions"}],"predecessor-version":[{"id":1157,"href":"https:\/\/adrianateixeira.adv.br\/direito\/wp-json\/wp\/v2\/pages\/1097\/revisions\/1157"}],"wp:attachment":[{"href":"https:\/\/adrianateixeira.adv.br\/direito\/wp-json\/wp\/v2\/media?parent=1097"}],"curies":[{"name":"wp","href":"https:\/\/api.w.org\/{rel}","templated":true}]}}