{"id":1193,"date":"2026-03-03T19:26:39","date_gmt":"2026-03-03T22:26:39","guid":{"rendered":"https:\/\/adrianateixeira.adv.br\/direito\/?page_id=1193"},"modified":"2026-03-05T12:10:49","modified_gmt":"2026-03-05T15:10:49","slug":"inventario-extrajudicial","status":"publish","type":"page","link":"https:\/\/adrianateixeira.adv.br\/direito\/inventario-extrajudicial\/","title":{"rendered":"Invent\u00e1rio Extrajudicial"},"content":{"rendered":"\n<p><\/p>\n\n\n\n<div class=\"wp-block-cover alignwide has-white-color has-text-color\" style=\"min-height:70vh;aspect-ratio:unset;\"><img loading=\"lazy\" decoding=\"async\" width=\"1880\" height=\"1253\" sizes=\"auto, (max-width: 799px) 200vw, (max-width: 1880px) 100vw, 1880px\" class=\"wp-block-cover__image-background wp-image-1022\" alt=\"\" src=\"https:\/\/adrianateixeira.adv.br\/direito\/wp-content\/uploads\/2024\/03\/pexels-photo-936722.jpeg\" data-object-fit=\"cover\" srcset=\"https:\/\/adrianateixeira.adv.br\/direito\/wp-content\/uploads\/2024\/03\/pexels-photo-936722.jpeg 1880w, https:\/\/adrianateixeira.adv.br\/direito\/wp-content\/uploads\/2024\/03\/pexels-photo-936722-300x200.jpeg 300w, https:\/\/adrianateixeira.adv.br\/direito\/wp-content\/uploads\/2024\/03\/pexels-photo-936722-1024x682.jpeg 1024w, https:\/\/adrianateixeira.adv.br\/direito\/wp-content\/uploads\/2024\/03\/pexels-photo-936722-768x512.jpeg 768w, https:\/\/adrianateixeira.adv.br\/direito\/wp-content\/uploads\/2024\/03\/pexels-photo-936722-1536x1024.jpeg 1536w\" \/><span aria-hidden=\"true\" class=\"wp-block-cover__background has-background-dim-80 has-background-dim\"><\/span><div class=\"wp-block-cover__inner-container has-global-padding is-layout-constrained wp-block-cover-is-layout-constrained\">\n<h1 class=\"wp-block-heading has-text-align-center has-base-2-color has-text-color has-link-color wp-elements-6ab7f965fdf6729f3bb2999661e66632\">INVENT\u00c1RIO EXTRAJUDICIAL<\/h1>\n\n\n\n<h2 class=\"wp-block-heading has-text-align-center\">Regularize a heran\u00e7a com seguran\u00e7a e sem processo judicial<\/h2>\n\n\n\n<div class=\"wp-block-buttons is-content-justification-center is-layout-flex wp-container-core-buttons-is-layout-e7f25eb7 wp-block-buttons-is-layout-flex\" style=\"margin-top:32px\">\n<div class=\"wp-block-button\"><a class=\"wp-block-button__link has-black-color has-text-color has-background has-medium-font-size has-custom-font-size wp-element-button\" href=\"https:\/\/wa.me\/\/5511958356814?text=Quero%20agendar%20uma%20consulta%20sobre%20invent\u00e1rio.%20Meu%20nome%20\u00e9%20______\" style=\"background-color:#00c35e\" target=\"_blank\" rel=\"noreferrer noopener\">AGENDE O SEU ATENDIMENTO POR WHATSAPP<\/a><\/div>\n<\/div>\n<\/div><\/div>\n\n\n\n<p class=\"has-text-align-left\">Quando um familiar falece, os bens deixados, como im\u00f3veis, contas banc\u00e1rias e ve\u00edculos, n\u00e3o podem ser vendidos ou transferidos sem a realiza\u00e7\u00e3o do invent\u00e1rio.<\/p>\n\n\n\n<p>Em muitos casos, esse procedimento pode ser realizado de forma mais r\u00e1pida e menos burocr\u00e1tica por meio do invent\u00e1rio extrajudicial em cart\u00f3rio.<\/p>\n\n\n\n<p class=\"has-text-align-left\">Com a orienta\u00e7\u00e3o jur\u00eddica adequada, \u00e9 poss\u00edvel organizar a partilha dos bens com seguran\u00e7a e evitar conflitos ou atrasos na regulariza\u00e7\u00e3o do patrim\u00f4nio da fam\u00edlia.<\/p>\n\n\n\n<p class=\"has-text-align-left\">Fale com a advogada e entenda como iniciar o invent\u00e1rio.<\/p>\n\n\n\n<h3 class=\"wp-block-heading\">Quando o invent\u00e1rio pode ser feito em cart\u00f3rio<\/h3>\n\n\n\n<p>O invent\u00e1rio extrajudicial \u00e9 poss\u00edvel quando:<\/p>\n\n\n\n<ul class=\"wp-block-list\">\n<li>todos os herdeiros s\u00e3o maiores e capazes<\/li>\n\n\n\n<li>existe acordo sobre a divis\u00e3o dos bens<\/li>\n\n\n\n<li>n\u00e3o h\u00e1 conflito entre os herdeiros<\/li>\n<\/ul>\n\n\n\n<p>Nessas situa\u00e7\u00f5es, a partilha pode ser formalizada diretamente em cart\u00f3rio por meio de escritura p\u00fablica.<\/p>\n\n\n\n<h3 class=\"wp-block-heading\">Vantagens do invent\u00e1rio extrajudicial<\/h3>\n\n\n\n<ul class=\"wp-block-list\">\n<li>procedimento mais r\u00e1pido que o invent\u00e1rio judicial<\/li>\n\n\n\n<li>menor burocracia<\/li>\n\n\n\n<li>seguran\u00e7a jur\u00eddica na divis\u00e3o dos bens<\/li>\n\n\n\n<li>regulariza\u00e7\u00e3o do patrim\u00f4nio da fam\u00edlia<\/li>\n<\/ul>\n\n\n\n<h3 class=\"wp-block-heading\">Por que contar com um advogado especializado<\/h3>\n\n\n\n<p>Mesmo sendo realizado em cart\u00f3rio, o invent\u00e1rio exige an\u00e1lise jur\u00eddica cuidadosa. A orienta\u00e7\u00e3o especializada ajuda a evitar problemas como:<\/p>\n\n\n\n<ul class=\"wp-block-list\">\n<li>partilha realizada de forma incorreta<\/li>\n\n\n\n<li>d\u00edvidas ou pend\u00eancias vinculadas aos bens<\/li>\n\n\n\n<li>dificuldades para vender ou regularizar im\u00f3veis herdados<\/li>\n\n\n\n<li>conflitos entre herdeiros<\/li>\n\n\n\n<li>erros na escritura que podem gerar questionamentos futuros<\/li>\n<\/ul>\n\n\n\n<p>O acompanhamento jur\u00eddico adequado garante que o procedimento seja conduzido com seguran\u00e7a e evita preju\u00edzos que poderiam gerar custos e desgastes maiores no futuro.<\/p>\n\n\n\n<h3 class=\"wp-block-heading\">Prazo para iniciar o invent\u00e1rio<\/h3>\n\n\n\n<p>A lei estabelece que o invent\u00e1rio deve ser iniciado at\u00e9 60 dias ap\u00f3s o falecimento.<\/p>\n\n\n\n<p>O atraso pode gerar multa sobre o imposto de transmiss\u00e3o (ITCMD).<\/p>\n\n\n\n<p>Por isso, \u00e9 recomend\u00e1vel buscar orienta\u00e7\u00e3o jur\u00eddica o quanto antes.<\/p>\n\n\n\n<h3 class=\"wp-block-heading\">Fale com a advogada<\/h3>\n\n\n\n<p>Se voc\u00ea precisa iniciar um invent\u00e1rio ou deseja entender se o caso pode ser resolvido em cart\u00f3rio, \u00e9 poss\u00edvel avaliar a situa\u00e7\u00e3o e orientar sobre os pr\u00f3ximos passos.<\/p>\n\n\n\n<p><strong>Telefone: 11 95835-6814<\/strong><\/p>\n\n\n\n<div class=\"wp-block-group alignfull has-global-padding is-layout-constrained wp-block-group-is-layout-constrained\">\n<div class=\"wp-block-buttons is-content-justification-center is-layout-flex wp-container-core-buttons-is-layout-e7f25eb7 wp-block-buttons-is-layout-flex\" style=\"margin-top:32px\">\n<div class=\"wp-block-button\"><a class=\"wp-block-button__link has-black-color has-text-color has-background has-medium-font-size has-custom-font-size wp-element-button\" href=\"https:\/\/wa.me\/\/5511958356814?text=Quero%20agendar%20uma%20consulta%20sobre%20invent\u00e1rio.%20Meu%20nome%20\u00e9%20______\" style=\"background-color:#00c35e\" target=\"_blank\" rel=\"noreferrer noopener\">AGENDE O SEU ATENDIMENTO POR WHATSAPP<\/a><\/div>\n<\/div>\n\n\n\n<div class=\"wp-block-columns alignwide tw-cols-stack-md-2 is-layout-flex wp-container-core-columns-is-layout-51bdc539 wp-block-columns-is-layout-flex\">\n<div class=\"wp-block-column is-layout-flow wp-block-column-is-layout-flow\">\n<figure class=\"wp-block-image size-full\"><img loading=\"lazy\" decoding=\"async\" width=\"1880\" height=\"1253\" src=\"https:\/\/adrianateixeira.adv.br\/direito\/wp-content\/uploads\/2024\/03\/pexels-photo-5673488.jpeg\" alt=\"\" class=\"wp-image-1020\" style=\"aspect-ratio:4\/3;object-fit:cover\" srcset=\"https:\/\/adrianateixeira.adv.br\/direito\/wp-content\/uploads\/2024\/03\/pexels-photo-5673488.jpeg 1880w, https:\/\/adrianateixeira.adv.br\/direito\/wp-content\/uploads\/2024\/03\/pexels-photo-5673488-300x200.jpeg 300w, https:\/\/adrianateixeira.adv.br\/direito\/wp-content\/uploads\/2024\/03\/pexels-photo-5673488-1024x682.jpeg 1024w, https:\/\/adrianateixeira.adv.br\/direito\/wp-content\/uploads\/2024\/03\/pexels-photo-5673488-768x512.jpeg 768w, https:\/\/adrianateixeira.adv.br\/direito\/wp-content\/uploads\/2024\/03\/pexels-photo-5673488-1536x1024.jpeg 1536w\" sizes=\"auto, (max-width: 1880px) 100vw, 1880px\" \/><\/figure>\n<\/div>\n\n\n\n<div class=\"wp-block-column is-layout-flow wp-block-column-is-layout-flow\">\n<figure class=\"wp-block-image size-full\"><img loading=\"lazy\" decoding=\"async\" width=\"1880\" height=\"1253\" src=\"https:\/\/adrianateixeira.adv.br\/direito\/wp-content\/uploads\/2024\/03\/pexels-photo-6383158.jpeg\" alt=\"\" class=\"wp-image-1027\" style=\"aspect-ratio:4\/3;object-fit:cover\" srcset=\"https:\/\/adrianateixeira.adv.br\/direito\/wp-content\/uploads\/2024\/03\/pexels-photo-6383158.jpeg 1880w, https:\/\/adrianateixeira.adv.br\/direito\/wp-content\/uploads\/2024\/03\/pexels-photo-6383158-300x200.jpeg 300w, https:\/\/adrianateixeira.adv.br\/direito\/wp-content\/uploads\/2024\/03\/pexels-photo-6383158-1024x682.jpeg 1024w, https:\/\/adrianateixeira.adv.br\/direito\/wp-content\/uploads\/2024\/03\/pexels-photo-6383158-768x512.jpeg 768w, https:\/\/adrianateixeira.adv.br\/direito\/wp-content\/uploads\/2024\/03\/pexels-photo-6383158-1536x1024.jpeg 1536w\" sizes=\"auto, (max-width: 1880px) 100vw, 1880px\" \/><\/figure>\n<\/div>\n<\/div>\n<\/div>\n\n\n\n<div class=\"wp-block-group has-global-padding is-layout-constrained wp-block-group-is-layout-constrained\">\n<h2 class=\"wp-block-heading\"><strong>Conhe\u00e7a o Nosso Escrit\u00f3rio de Advocacia<\/strong><\/h2>\n\n\n\n<p class=\"has-text-align-left\">H\u00e1 14 anos, estamos comprometidos em oferecer servi\u00e7os jur\u00eddicos de excel\u00eancia, com sede na cidade de S\u00e3o Paulo e atendimento online em todo o Brasil. Fundado pela advogada Adriana Teixeira, nosso escrit\u00f3rio \u00e9 dedicado a fornecer orienta\u00e7\u00e3o legal especializada e solu\u00e7\u00f5es eficazes para nossos clientes.<\/p>\n\n\n\n<p><strong>Nossa Hist\u00f3ria<\/strong><\/p>\n\n\n\n<p>Desde a sua funda\u00e7\u00e3o nosso escrit\u00f3rio tem sido uma fonte confi\u00e1vel de assist\u00eancia jur\u00eddica em diversas \u00e1reas. Com uma equipe experiente e dedicada, nos empenhamos em oferecer um servi\u00e7o personalizado e de alta qualidade, adaptado \u00e0s necessidades individuais de cada cliente.<\/p>\n\n\n\n<p><strong>Nosso Compromisso com Voc\u00ea<\/strong><\/p>\n\n\n\n<p>Consolidamos nosso compromisso em fornecer orienta\u00e7\u00e3o clara, representa\u00e7\u00e3o eficaz e suporte dedicado a todos os nossos clientes.<\/p>\n\n\n\n<p>Atuamos de forma que permite entender suas necessidades e buscar solu\u00e7\u00f5es que atendam \u00e0s suas expectativas.<\/p>\n<\/div>\n","protected":false},"excerpt":{"rendered":"<p>Quando um familiar falece, os bens deixados, como im\u00f3veis, contas banc\u00e1rias e ve\u00edculos, n\u00e3o podem ser vendidos ou transferidos sem a realiza\u00e7\u00e3o do invent\u00e1rio. Em muitos casos, esse procedimento pode ser realizado de forma mais r\u00e1pida e menos burocr\u00e1tica por meio do invent\u00e1rio extrajudicial em cart\u00f3rio. Com a orienta\u00e7\u00e3o jur\u00eddica adequada, \u00e9 poss\u00edvel organizar a [&hellip;]<\/p>\n","protected":false},"author":1,"featured_media":0,"parent":0,"menu_order":0,"comment_status":"closed","ping_status":"closed","template":"page-no-title","meta":{"footnotes":""},"class_list":["post-1193","page","type-page","status-publish","hentry"],"jetpack_sharing_enabled":true,"_links":{"self":[{"href":"https:\/\/adrianateixeira.adv.br\/direito\/wp-json\/wp\/v2\/pages\/1193","targetHints":{"allow":["GET"]}}],"collection":[{"href":"https:\/\/adrianateixeira.adv.br\/direito\/wp-json\/wp\/v2\/pages"}],"about":[{"href":"https:\/\/adrianateixeira.adv.br\/direito\/wp-json\/wp\/v2\/types\/page"}],"author":[{"embeddable":true,"href":"https:\/\/adrianateixeira.adv.br\/direito\/wp-json\/wp\/v2\/users\/1"}],"replies":[{"embeddable":true,"href":"https:\/\/adrianateixeira.adv.br\/direito\/wp-json\/wp\/v2\/comments?post=1193"}],"version-history":[{"count":19,"href":"https:\/\/adrianateixeira.adv.br\/direito\/wp-json\/wp\/v2\/pages\/1193\/revisions"}],"predecessor-version":[{"id":1221,"href":"https:\/\/adrianateixeira.adv.br\/direito\/wp-json\/wp\/v2\/pages\/1193\/revisions\/1221"}],"wp:attachment":[{"href":"https:\/\/adrianateixeira.adv.br\/direito\/wp-json\/wp\/v2\/media?parent=1193"}],"curies":[{"name":"wp","href":"https:\/\/api.w.org\/{rel}","templated":true}]}}