{"id":18,"date":"2021-07-15T20:34:01","date_gmt":"2021-07-15T23:34:01","guid":{"rendered":"https:\/\/adrianateixeira.adv.br\/direito\/?page_id=18"},"modified":"2026-03-03T20:33:56","modified_gmt":"2026-03-03T23:33:56","slug":"home","status":"publish","type":"page","link":"https:\/\/adrianateixeira.adv.br\/direito\/","title":{"rendered":"Adriana Teixeira Advocacia"},"content":{"rendered":"\n<div class=\"wp-block-cover alignfull has-white-color has-text-color\" style=\"min-height:70vh;aspect-ratio:unset;\"><img loading=\"lazy\" decoding=\"async\" width=\"951\" height=\"597\" sizes=\"auto, (max-width: 799px) 200vw, (max-width: 951px) 100vw, 951px\" class=\"wp-block-cover__image-background wp-image-990\" alt=\"\" src=\"https:\/\/adrianateixeira.adv.br\/direito\/wp-content\/uploads\/2024\/03\/teixeira-advocacia.jpg\" data-object-fit=\"cover\" srcset=\"https:\/\/adrianateixeira.adv.br\/direito\/wp-content\/uploads\/2024\/03\/teixeira-advocacia.jpg 951w, https:\/\/adrianateixeira.adv.br\/direito\/wp-content\/uploads\/2024\/03\/teixeira-advocacia-300x188.jpg 300w, https:\/\/adrianateixeira.adv.br\/direito\/wp-content\/uploads\/2024\/03\/teixeira-advocacia-768x482.jpg 768w\" \/><span aria-hidden=\"true\" class=\"wp-block-cover__background has-background-dim-80 has-background-dim\"><\/span><div class=\"wp-block-cover__inner-container has-global-padding is-layout-constrained wp-block-cover-is-layout-constrained\">\n<h1 class=\"wp-block-heading alignwide has-text-align-center\">Bem-vindo ao Escrit\u00f3rio de Advocacia<\/h1>\n\n\n\n<h1 class=\"wp-block-heading alignwide has-text-align-center\">Adriana Teixeira<\/h1>\n\n\n\n<h3 class=\"wp-block-heading has-text-align-center\">O compromisso com a excel\u00eancia e a defesa dos seus direitos \u00e9 nossa prioridade.<\/h3>\n\n\n\n<div class=\"wp-block-buttons is-content-justification-center is-layout-flex wp-container-core-buttons-is-layout-e7f25eb7 wp-block-buttons-is-layout-flex\" style=\"margin-top:32px\">\n<div class=\"wp-block-button\"><a class=\"wp-block-button__link has-black-color has-text-color has-background has-large-font-size has-text-align-center has-custom-font-size wp-element-button\" href=\"https:\/\/wa.me\/5511958356814?text=Gostaria%20de%20agendar%20um%20atendimento%20com%20advogado.%20Meu%20nome%20\u00e9____\" style=\"background-color:#f47905\" target=\"_blank\" rel=\"noreferrer noopener\">AGENDE O SEU ATENDIMENTO<\/a><\/div>\n<\/div>\n<\/div><\/div>\n\n\n\n<div class=\"wp-block-group alignfull has-base-background-color has-background has-global-padding is-layout-constrained wp-block-group-is-layout-constrained\">\n<div class=\"wp-block-columns alignwide are-vertically-aligned-center tw-cols-stack-md is-layout-flex wp-container-core-columns-is-layout-d16b27b0 wp-block-columns-is-layout-flex tw-large-gap\">\n<div class=\"wp-block-column is-vertically-aligned-center has-global-padding is-layout-constrained wp-block-column-is-layout-constrained\">\n<figure class=\"wp-block-image size-full\"><img loading=\"lazy\" decoding=\"async\" width=\"600\" height=\"398\" src=\"https:\/\/adrianateixeira.adv.br\/direito\/wp-content\/uploads\/2024\/03\/nossa-missao.jpg\" alt=\"\" class=\"wp-image-998\" srcset=\"https:\/\/adrianateixeira.adv.br\/direito\/wp-content\/uploads\/2024\/03\/nossa-missao.jpg 600w, https:\/\/adrianateixeira.adv.br\/direito\/wp-content\/uploads\/2024\/03\/nossa-missao-300x199.jpg 300w\" sizes=\"auto, (max-width: 600px) 100vw, 600px\" \/><\/figure>\n<\/div>\n\n\n\n<div class=\"wp-block-column is-vertically-aligned-center has-global-padding is-layout-constrained wp-block-column-is-layout-constrained\">\n<h2 class=\"wp-block-heading\">Nossa Miss\u00e3o<\/h2>\n\n\n\n<p>Na Advocacia Adriana Teixeira, nossa miss\u00e3o \u00e9 fornecer solu\u00e7\u00f5es legais eficazes e personalizadas para nossos clientes, sempre com integridade, profissionalismo e dedica\u00e7\u00e3o.<\/p>\n\n\n\n<p>Estamos comprometidos em proteger seus interesses e alcan\u00e7ar os melhores resultados poss\u00edveis em suas quest\u00f5es legais.<\/p>\n<\/div>\n<\/div>\n<\/div>\n\n\n\n<div class=\"wp-block-group alignfull has-base-2-background-color has-background has-global-padding is-layout-constrained wp-block-group-is-layout-constrained\">\n<h2 class=\"wp-block-heading has-text-align-center\">\u00c1rea de Atua\u00e7\u00e3o<\/h2>\n\n\n\n<div class=\"wp-block-columns alignwide tw-cols-stack-md-2 is-layout-flex wp-container-core-columns-is-layout-51bdc539 wp-block-columns-is-layout-flex\">\n<div class=\"wp-block-column is-layout-flow wp-block-column-is-layout-flow\">\n<figure class=\"wp-block-image size-full\"><a href=\"https:\/\/adrianateixeira.adv.br\/direito\/inventario-extrajudicial\/\"><img loading=\"lazy\" decoding=\"async\" width=\"691\" height=\"458\" src=\"https:\/\/adrianateixeira.adv.br\/direito\/wp-content\/uploads\/2026\/03\/inventario-extra-judicial-1.jpeg\" alt=\"\" class=\"wp-image-1191\" style=\"aspect-ratio:1;object-fit:cover\" srcset=\"https:\/\/adrianateixeira.adv.br\/direito\/wp-content\/uploads\/2026\/03\/inventario-extra-judicial-1.jpeg 691w, https:\/\/adrianateixeira.adv.br\/direito\/wp-content\/uploads\/2026\/03\/inventario-extra-judicial-1-300x199.jpeg 300w\" sizes=\"auto, (max-width: 691px) 100vw, 691px\" \/><\/a><\/figure>\n\n\n\n<p><a href=\"https:\/\/adrianateixeira.adv.br\/direito\/inventario-extrajudicial\/\" data-type=\"page\" data-id=\"1193\">saiba mais<\/a><\/p>\n\n\n\n<h3 class=\"wp-block-heading has-large-font-size\">Invent\u00e1rio Extrajudicial<\/h3>\n\n\n\n<p>O invent\u00e1rio extrajudicial \u00e9 uma forma mais r\u00e1pida e menos burocr\u00e1tica de realizar a partilha de bens ap\u00f3s o falecimento, quando h\u00e1 acordo entre os herdeiros e todos s\u00e3o maiores e capazes.<\/p>\n\n\n\n<p>O procedimento \u00e9 realizado diretamente em cart\u00f3rio, com a assist\u00eancia obrigat\u00f3ria de advogado, garantindo seguran\u00e7a jur\u00eddica na divis\u00e3o do patrim\u00f4nio.<\/p>\n\n\n\n<p>A orienta\u00e7\u00e3o jur\u00eddica adequada \u00e9 fundamental para evitar atrasos, multas e conflitos familiares.<\/p>\n\n\n\n<p>Saiba como funciona o invent\u00e1rio extrajudicial e quais s\u00e3o os documentos necess\u00e1rios.<\/p>\n<\/div>\n\n\n\n<div class=\"wp-block-column is-layout-flow wp-block-column-is-layout-flow\">\n<figure class=\"wp-block-image size-full\"><a href=\"https:\/\/adrianateixeira.adv.br\/direito\/direito-de-familia\/\"><img loading=\"lazy\" decoding=\"async\" width=\"600\" height=\"788\" src=\"https:\/\/adrianateixeira.adv.br\/direito\/wp-content\/uploads\/2024\/03\/familia.jpg\" alt=\"\" class=\"wp-image-1000\" style=\"aspect-ratio:1;object-fit:cover\" srcset=\"https:\/\/adrianateixeira.adv.br\/direito\/wp-content\/uploads\/2024\/03\/familia.jpg 600w, https:\/\/adrianateixeira.adv.br\/direito\/wp-content\/uploads\/2024\/03\/familia-228x300.jpg 228w\" sizes=\"auto, (max-width: 600px) 100vw, 600px\" \/><\/a><\/figure>\n\n\n\n<p><a href=\"https:\/\/adrianateixeira.adv.br\/direito\/direito-de-familia\/\" data-type=\"page\" data-id=\"1066\">saiba mais<\/a><\/p>\n\n\n\n<h3 class=\"wp-block-heading has-large-font-size\">Direito de Fam\u00edlia<\/h3>\n\n\n\n<p>Lidamos com quest\u00f5es que envolvem fam\u00edlias e relacionamentos.<\/p>\n\n\n\n<p>Seja um div\u00f3rcio, guarda de crian\u00e7as, pens\u00e3o aliment\u00edcia ou partilha de bens ap\u00f3s uma separa\u00e7\u00e3o, estamos aqui para orientar e representar seus interesses.<\/p>\n\n\n\n<p>Tamb\u00e9m auxiliamos em ado\u00e7\u00f5es, partilha de bens em invent\u00e1rio, reconhecimento de paternidade e quest\u00f5es de viol\u00eancia dom\u00e9stica.<\/p>\n\n\n\n<p>Se voc\u00ea enfrenta desafios em sua fam\u00edlia, estamos aqui para oferecer apoio e solu\u00e7\u00f5es jur\u00eddicas.<\/p>\n<\/div>\n<\/div>\n\n\n\n<div class=\"wp-block-columns alignwide tw-cols-stack-md-2 is-layout-flex wp-container-core-columns-is-layout-51bdc539 wp-block-columns-is-layout-flex\">\n<div class=\"wp-block-column is-layout-flow wp-block-column-is-layout-flow\">\n<figure class=\"wp-block-image size-full\"><a href=\"https:\/\/adrianateixeira.adv.br\/direito\/direito-civil\/\"><img loading=\"lazy\" decoding=\"async\" width=\"621\" height=\"340\" src=\"https:\/\/adrianateixeira.adv.br\/direito\/wp-content\/uploads\/2024\/03\/direito-civil.jpg\" alt=\"\" class=\"wp-image-1004\" style=\"aspect-ratio:1;object-fit:cover\" srcset=\"https:\/\/adrianateixeira.adv.br\/direito\/wp-content\/uploads\/2024\/03\/direito-civil.jpg 621w, https:\/\/adrianateixeira.adv.br\/direito\/wp-content\/uploads\/2024\/03\/direito-civil-300x164.jpg 300w\" sizes=\"auto, (max-width: 621px) 100vw, 621px\" \/><\/a><\/figure>\n\n\n\n<p class=\"has-small-font-size\"><a href=\"https:\/\/adrianateixeira.adv.br\/direito\/direitocivil\/\" data-type=\"page\" data-id=\"1018\">saiba mais<\/a><\/p>\n\n\n\n<h3 class=\"wp-block-heading has-large-font-size\">Direito Civil<\/h3>\n\n\n\n<p>Lidamos com uma variedade de situa\u00e7\u00f5es legais que afetam diretamente sua vida cotidiana.<\/p>\n\n\n\n<p>Exemplos: como disputas contratuais, lit\u00edgios comerciais e casos de danos pessoais, seja um acidente de tr\u00e2nsito que causou danos ao seu ve\u00edculo ou dano pessoal e est\u00e9tico, uma restri\u00e7\u00e3o indevida em seu nome, ou at\u00e9 mesmo uma situa\u00e7\u00e3o em que seus direitos foram violados, como difama\u00e7\u00e3o ou cal\u00fania.<\/p>\n\n\n\n<p>Se voc\u00ea est\u00e1 enfrentando problemas com contratos, danos ao seu patrim\u00f4nio, les\u00f5es pessoais ou quest\u00f5es de indeniza\u00e7\u00e3o moral, estamos prontos para ajudar a garantir que seus direitos sejam protegidos e que voc\u00ea receba a justi\u00e7a que merece.<\/p>\n<\/div>\n\n\n\n<div class=\"wp-block-column is-layout-flow wp-block-column-is-layout-flow\">\n<figure class=\"wp-block-image size-full\"><a href=\"https:\/\/adrianateixeira.adv.br\/direito\/direito-imobiliario\/\"><img loading=\"lazy\" decoding=\"async\" width=\"700\" height=\"464\" src=\"https:\/\/adrianateixeira.adv.br\/direito\/wp-content\/uploads\/2024\/03\/imobiliario.jpg\" alt=\"\" class=\"wp-image-1002\" style=\"aspect-ratio:1;object-fit:cover\" srcset=\"https:\/\/adrianateixeira.adv.br\/direito\/wp-content\/uploads\/2024\/03\/imobiliario.jpg 700w, https:\/\/adrianateixeira.adv.br\/direito\/wp-content\/uploads\/2024\/03\/imobiliario-300x199.jpg 300w\" sizes=\"auto, (max-width: 700px) 100vw, 700px\" \/><\/a><\/figure>\n\n\n\n<p><a href=\"https:\/\/adrianateixeira.adv.br\/direito\/direito-imobiliario\/\" data-type=\"page\" data-id=\"1056\">saiba mais<\/a><\/p>\n\n\n\n<h3 class=\"wp-block-heading has-large-font-size\">Direito Imobili\u00e1rio<\/h3>\n\n\n\n<p>Ajudamos em quest\u00f5es relacionadas a im\u00f3veis.<\/p>\n\n\n\n<p>Por exemplo, se voc\u00ea est\u00e1 comprando uma casa e precisa de orienta\u00e7\u00e3o sobre o contrato de compra e venda, ou se est\u00e1 alugando um apartamento e enfrenta problemas com o locador, estamos aqui para ajudar.<\/p>\n\n\n\n<p>Tamb\u00e9m lidamos com quest\u00f5es de divis\u00e3o de terrenos entre vizinhos, ou se voc\u00ea precisa resolver quest\u00f5es de heran\u00e7a relacionadas a propriedades.<\/p>\n\n\n\n<p>Se voc\u00ea tem alguma d\u00favida sobre sua casa ou propriedade, estamos aqui para ajudar a resolver.<\/p>\n<\/div>\n<\/div>\n<\/div>\n\n\n\n<div class=\"wp-block-group alignfull has-base-2-background-color has-background has-global-padding is-layout-constrained wp-container-core-group-is-layout-669513ed wp-block-group-is-layout-constrained\" style=\"margin-top:0;margin-bottom:0;padding-top:var(--wp--preset--spacing--50);padding-right:var(--wp--preset--spacing--50);padding-bottom:var(--wp--preset--spacing--50);padding-left:var(--wp--preset--spacing--50)\">\n<div class=\"wp-block-group is-vertical is-content-justification-center is-layout-flex wp-container-core-group-is-layout-52b864f0 wp-block-group-is-layout-flex\">\n<h2 class=\"wp-block-heading has-text-align-center\">Por que Escolher os advogados do escrit\u00f3rio de advocacia Adriana Teixeira?<\/h2>\n<\/div>\n\n\n\n<div style=\"margin-top:0;margin-bottom:0;height:28px\" aria-hidden=\"true\" class=\"wp-block-spacer\"><\/div>\n\n\n\n<div class=\"wp-block-columns alignwide is-layout-flex wp-container-core-columns-is-layout-daba214b wp-block-columns-is-layout-flex\">\n<div class=\"wp-block-column is-layout-flow wp-container-core-column-is-layout-e3d1c41b wp-block-column-is-layout-flow\">\n<h3 class=\"wp-block-heading has-text-align-left has-body-font-family has-medium-font-size\" style=\"font-style:normal;font-weight:600\">Experi\u00eancia e Compet\u00eancia<\/h3>\n\n\n\n<p class=\"has-text-align-left\">Nossos advogados possuem anos de experi\u00eancia e conhecimento especializado em suas respectivas \u00e1reas de atua\u00e7\u00e3o.<\/p>\n<\/div>\n\n\n\n<div class=\"wp-block-column is-layout-flow wp-container-core-column-is-layout-e3d1c41b wp-block-column-is-layout-flow\">\n<h3 class=\"wp-block-heading has-text-align-left has-body-font-family has-medium-font-size\" style=\"font-style:normal;font-weight:600\">Atendimento Personalizado<\/h3>\n\n\n\n<p class=\"has-text-align-left\">Entendemos que cada caso \u00e9 \u00fanico, por isso oferecemos atendimento personalizado e dedicado a cada cliente.<\/p>\n<\/div>\n\n\n\n<div class=\"wp-block-column is-layout-flow wp-container-core-column-is-layout-e3d1c41b wp-block-column-is-layout-flow\">\n<h3 class=\"wp-block-heading has-text-align-left has-body-font-family has-medium-font-size\" style=\"font-style:normal;font-weight:600\">Compromisso com Resultados<\/h3>\n\n\n\n<p class=\"has-text-align-left\">Estamos empenhados em alcan\u00e7ar os melhores resultados para nossos clientes, buscando sempre a resolu\u00e7\u00e3o mais favor\u00e1vel para suas quest\u00f5es legais.<\/p>\n<\/div>\n<\/div>\n<\/div>\n\n\n\n<div class=\"wp-block-group alignfull has-base-background-color has-background has-global-padding is-layout-constrained wp-block-group-is-layout-constrained\">\n<h2 class=\"wp-block-heading has-text-align-center\">Entre em Contato<\/h2>\n\n\n\n<p class=\"has-text-align-center\">Se voc\u00ea est\u00e1 enfrentando um problema legal nas \u00e1reas de Direito Civil, Imobili\u00e1rio ou de Fam\u00edlia, entre em contato conosco hoje mesmo para agendar uma consulta inicial.<\/p>\n\n\n\n<p class=\"has-text-align-center\">Estamos aqui para ajudar a proteger seus direitos e buscar a justi\u00e7a que voc\u00ea merece.<\/p>\n\n\n\n<div class=\"wp-block-buttons is-content-justification-center is-layout-flex wp-container-core-buttons-is-layout-e7f25eb7 wp-block-buttons-is-layout-flex\" style=\"margin-top:32px\">\n<div class=\"wp-block-button\"><a class=\"wp-block-button__link has-large-font-size has-text-align-center has-custom-font-size wp-element-button\" href=\"https:\/\/wa.me\/5511958356814?text=Gostaria%20de%20agendar%20um%20atendimento%20com%20advogado.%20Meu%20nome%20\u00e9____\" target=\"_blank\" rel=\"noreferrer noopener\">AGENDE O SEU ATENDIMENTO<\/a><\/div>\n<\/div>\n<\/div>\n","protected":false},"excerpt":{"rendered":"<p>Nossa Miss\u00e3o Na Advocacia Adriana Teixeira, nossa miss\u00e3o \u00e9 fornecer solu\u00e7\u00f5es legais eficazes e personalizadas para nossos clientes, sempre com integridade, profissionalismo e dedica\u00e7\u00e3o. Estamos comprometidos em proteger seus interesses e alcan\u00e7ar os melhores resultados poss\u00edveis em suas quest\u00f5es legais. \u00c1rea de Atua\u00e7\u00e3o saiba mais Invent\u00e1rio Extrajudicial O invent\u00e1rio extrajudicial \u00e9 uma forma mais r\u00e1pida [&hellip;]<\/p>\n","protected":false},"author":1,"featured_media":0,"parent":0,"menu_order":0,"comment_status":"closed","ping_status":"closed","template":"page-no-title","meta":{"footnotes":""},"class_list":["post-18","page","type-page","status-publish","hentry"],"jetpack_sharing_enabled":true,"_links":{"self":[{"href":"https:\/\/adrianateixeira.adv.br\/direito\/wp-json\/wp\/v2\/pages\/18","targetHints":{"allow":["GET"]}}],"collection":[{"href":"https:\/\/adrianateixeira.adv.br\/direito\/wp-json\/wp\/v2\/pages"}],"about":[{"href":"https:\/\/adrianateixeira.adv.br\/direito\/wp-json\/wp\/v2\/types\/page"}],"author":[{"embeddable":true,"href":"https:\/\/adrianateixeira.adv.br\/direito\/wp-json\/wp\/v2\/users\/1"}],"replies":[{"embeddable":true,"href":"https:\/\/adrianateixeira.adv.br\/direito\/wp-json\/wp\/v2\/comments?post=18"}],"version-history":[{"count":117,"href":"https:\/\/adrianateixeira.adv.br\/direito\/wp-json\/wp\/v2\/pages\/18\/revisions"}],"predecessor-version":[{"id":1218,"href":"https:\/\/adrianateixeira.adv.br\/direito\/wp-json\/wp\/v2\/pages\/18\/revisions\/1218"}],"wp:attachment":[{"href":"https:\/\/adrianateixeira.adv.br\/direito\/wp-json\/wp\/v2\/media?parent=18"}],"curies":[{"name":"wp","href":"https:\/\/api.w.org\/{rel}","templated":true}]}}